{"id":730,"date":"2018-07-26T10:40:07","date_gmt":"2018-07-26T13:40:07","guid":{"rendered":"https:\/\/isfd228-bue.infd.edu.ar\/sitio\/?page_id=730"},"modified":"2024-12-10T11:41:29","modified_gmt":"2024-12-10T14:41:29","slug":"ingresantes","status":"publish","type":"page","link":"https:\/\/isfd228-bue.infd.edu.ar\/sitio\/estudiantes\/ingresantes\/","title":{"rendered":"Ingresantes"},"content":{"rendered":"<h4>Requisitos de Inscripci\u00f3n<\/h4>\n<p>CONDICIONES DE INGRESO<br \/>\nT\u00edtulo previo: Es condici\u00f3n indispensable que el\/la ingresante presente t\u00edtulo de nivel medio o certificado de t\u00edtulo en tr\u00e1mite.<\/p>\n<ul>\n<li>Aquellos\/as aspirantes que posean t\u00edtulo T\u00e9cnico\/a Maestro Mayor de Obras o Arquitecto\/a, se les reconoceran las materias del Campo de la Formaci\u00f3n Espec\u00edfica equivalente al 35% de la carga total.<\/li>\n<\/ul>\n<ul>\n<li>Aquellos\/as aspirantes que posean t\u00edtulo de Profesor\/a de cualquier especialidad de 4 a\u00f1os, se les reconoceran las materias del Campo de la Formaci\u00f3n General, equivalente al\u00a0 18 % de la carga total.<\/li>\n<\/ul>\n<ul>\n<li>Aquellos\/as\u00a0 aspirantes que se encuentren trabajando en escuelas t\u00e9cnicas se les reconocera La Pr\u00e1ctica Docente Terreno de 1\u00b0 y 2\u00b0 a\u00f1o.<\/li>\n<\/ul>\n","protected":false},"excerpt":{"rendered":"<p>Requisitos de Inscripci\u00f3n CONDICIONES DE INGRESO T\u00edtulo previo: Es condici\u00f3n indispensable que el\/la ingresante presente t\u00edtulo de nivel medio o certificado de t\u00edtulo en tr\u00e1mite. Aquellos\/as aspirantes que posean t\u00edtulo T\u00e9cnico\/a Maestro Mayor de Obras o Arquitecto\/a, se les reconoceran las materias del Campo de la Formaci\u00f3n Espec\u00edfica equivalente al 35% de la carga total. &#8230; <a title=\"Ingresantes\" class=\"read-more\" href=\"https:\/\/isfd228-bue.infd.edu.ar\/sitio\/estudiantes\/ingresantes\/\" aria-label=\"M\u00e1s en Ingresantes\">[+]<\/a><\/p>\n","protected":false},"author":6,"featured_media":0,"parent":692,"menu_order":0,"comment_status":"closed","ping_status":"closed","template":"","meta":[],"acf":[],"_links":{"self":[{"href":"https:\/\/isfd228-bue.infd.edu.ar\/sitio\/wp-json\/wp\/v2\/pages\/730"}],"collection":[{"href":"https:\/\/isfd228-bue.infd.edu.ar\/sitio\/wp-json\/wp\/v2\/pages"}],"about":[{"href":"https:\/\/isfd228-bue.infd.edu.ar\/sitio\/wp-json\/wp\/v2\/types\/page"}],"author":[{"embeddable":true,"href":"https:\/\/isfd228-bue.infd.edu.ar\/sitio\/wp-json\/wp\/v2\/users\/6"}],"replies":[{"embeddable":true,"href":"https:\/\/isfd228-bue.infd.edu.ar\/sitio\/wp-json\/wp\/v2\/comments?post=730"}],"version-history":[{"count":10,"href":"https:\/\/isfd228-bue.infd.edu.ar\/sitio\/wp-json\/wp\/v2\/pages\/730\/revisions"}],"predecessor-version":[{"id":923,"href":"https:\/\/isfd228-bue.infd.edu.ar\/sitio\/wp-json\/wp\/v2\/pages\/730\/revisions\/923"}],"up":[{"embeddable":true,"href":"https:\/\/isfd228-bue.infd.edu.ar\/sitio\/wp-json\/wp\/v2\/pages\/692"}],"wp:attachment":[{"href":"https:\/\/isfd228-bue.infd.edu.ar\/sitio\/wp-json\/wp\/v2\/media?parent=730"}],"curies":[{"name":"wp","href":"https:\/\/api.w.org\/{rel}","templated":true}]}}